{"id":10253,"date":"2024-11-27T22:02:14","date_gmt":"2024-11-27T22:02:14","guid":{"rendered":"https:\/\/gudlenieks.lv\/?page_id=10253"},"modified":"2024-11-27T22:02:17","modified_gmt":"2024-11-27T22:02:17","slug":"hojas-de-trabajo-e-imprimibles-gratuitos-para-ninos","status":"publish","type":"page","link":"https:\/\/gudlenieks.lv\/es\/","title":{"rendered":"Hojas de trabajo e imprimibles gratuitos para ni\u00f1os"},"content":{"rendered":"\n\n    <section style=\"background-image:url('https:\/\/gudlenieks.lv\/wp-content\/uploads\/random-images\/\/bg_image_04_.webp')\"            class=\"section component component--top-articles component--top-articles--top-categories inner-shadow\">\n        <div class=\"top-articles-section-header\">\n            <h2>Categor\u00edas de fichas de trabajo para ni\u00f1os y art\u00edculos<\/h2>                            <div class=\"top-articles-paragraphs\"><p>Categor\u00edas de fichas de trabajo para ni\u00f1os y art\u00edculos<\/p>\n<\/div>        <\/div>\n\n        <div class=\"row top-cards-list\">\n\n\n                                                                                                                                                        <div class=\"top-card-wrap top-card-wrap--categories\"\n     data-max-translate-x=\"0\"\ndata-max-zoom=\"1.37\"\ndata-max-angle=\"0\"\ndata-max-angle-md=\"16\">\n<a target=\"_blank\" class=\"top-section-links\" data-source-page-title=\"Hojas de trabajo e imprimibles gratuitos para ni\u00f1os\"\n   data-page-title=\"Sin categorizar\" data-section-type=\"top-categories\" href=\"https:\/\/gudlenieks.lv\/es\/category\/sin-categorizar\/\">\n    <article class=\"top-card top-card--0 box-shadow\">\n                <h3>Sin categorizar                    <\/h3>\n\n        <div>\n                                            <div class=\"category-posts\">\n                    <div class=\"category-post-count\" data-post-count=\"2\">0<\/div>\n                    <div class=\"category-post-text\">\n                        Articles in category                    <\/div>\n                <\/div>\n\n\n                    <\/div>\n\n    <\/article>\n<\/a>\n<\/div>\n\n                        <\/div>\n\n                    <div class=\"row top-cards-ad\">\n                <div class=\"container top-cards-ad--container article__ads\">\n                        <ins class=\"adsbygoogle\"\n         style=\"display:block; text-align:center;\"\n         data-ad-layout=\"in-article\"\n         data-ad-format=\"fluid\"\n         data-ad-client=\"ca-pub-3603544267153916\"\n         data-ad-slot=\"6945210667\"><\/ins>\n    <script defer>\n      (adsbygoogle = window.adsbygoogle || []).push({});\n    <\/script>\n\n                <\/div>\n            <\/div>\n            <\/section>\n\n\n\n\n\n\n    <section style=\"background-image:url('https:\/\/gudlenieks.lv\/wp-content\/uploads\/2023\/02\/bg_image_04_.webp')\"            class=\"section component component--top-articles component--top-articles--newest inner-shadow\">\n        <div class=\"top-articles-section-header\">\n            <h2>Art\u00edculos m\u00e1s recientes<\/h2>                    <\/div>\n\n        <div class=\"row top-cards-list\">\n\n\n            \n                                                                                <div class=\"top-card-wrap \"\n     data-max-translate-x=\"0\"\ndata-max-zoom=\"1.48\"\ndata-max-angle=\"0\"\ndata-max-angle-md=\"20\">\n<a target=\"_blank\" class=\"top-section-links\" data-source-page-title=\"Hojas de trabajo e imprimibles gratuitos para ni\u00f1os\"\n   data-page-title=\"Contando hasta 10\" data-section-type=\"newest\" href=\"https:\/\/gudlenieks.lv\/es\/contando-hasta-10\/\">\n    <article class=\"top-card top-card--0 box-shadow\">\n                <h3>Contando hasta 10                    <\/h3>\n\n        <div>\n                            <img decoding=\"async\" width=\"300\" height=\"225\" src=\"https:\/\/gudlenieks.lv\/wp-content\/uploads\/2024\/12\/tareas-para-ninos-contando-hasta-10-300x225.webp\" class=\"attachment-medium size-medium wp-post-image\" alt=\"Ejemplo de tareas para ni\u00f1os - Contando hasta 10\" srcset=\"https:\/\/gudlenieks.lv\/wp-content\/uploads\/2024\/12\/tareas-para-ninos-contando-hasta-10-300x225.webp 300w, https:\/\/gudlenieks.lv\/wp-content\/uploads\/2024\/12\/tareas-para-ninos-contando-hasta-10-600x450.webp 600w, https:\/\/gudlenieks.lv\/wp-content\/uploads\/2024\/12\/tareas-para-ninos-contando-hasta-10.webp 768w\" sizes=\"(max-width: 300px) 100vw, 300px\" \/>                    <\/div>\n\n    <\/article>\n<\/a>\n<\/div>\n\n\n                \n                                                                                <div class=\"top-card-wrap \"\n     data-max-translate-x=\"69\"\ndata-max-zoom=\"1.14\"\ndata-max-angle=\"-15\"\ndata-max-angle-md=\"-12\">\n<a target=\"_blank\" class=\"top-section-links\" data-source-page-title=\"Hojas de trabajo e imprimibles gratuitos para ni\u00f1os\"\n   data-page-title=\"Adici\u00f3n a 20\" data-section-type=\"newest\" href=\"https:\/\/gudlenieks.lv\/es\/adicion-a-20\/\">\n    <article class=\"top-card top-card--1 box-shadow\">\n                <h3>Adici\u00f3n a 20                    <\/h3>\n\n        <div>\n                            <img decoding=\"async\" width=\"300\" height=\"225\" src=\"https:\/\/gudlenieks.lv\/wp-content\/uploads\/2024\/11\/adicion-a-20-300x225.webp\" class=\"attachment-medium size-medium wp-post-image\" alt=\"Adici\u00f3n a 20\" srcset=\"https:\/\/gudlenieks.lv\/wp-content\/uploads\/2024\/11\/adicion-a-20-300x225.webp 300w, https:\/\/gudlenieks.lv\/wp-content\/uploads\/2024\/11\/adicion-a-20-1024x768.webp 1024w, https:\/\/gudlenieks.lv\/wp-content\/uploads\/2024\/11\/adicion-a-20-768x576.webp 768w, https:\/\/gudlenieks.lv\/wp-content\/uploads\/2024\/11\/adicion-a-20-1536x1152.webp 1536w, https:\/\/gudlenieks.lv\/wp-content\/uploads\/2024\/11\/adicion-a-20-600x450.webp 600w, https:\/\/gudlenieks.lv\/wp-content\/uploads\/2024\/11\/adicion-a-20-827x620.webp 827w, https:\/\/gudlenieks.lv\/wp-content\/uploads\/2024\/11\/adicion-a-20.webp 1920w\" sizes=\"(max-width: 300px) 100vw, 300px\" \/>                    <\/div>\n\n    <\/article>\n<\/a>\n<\/div>\n\n\n                                        <\/div>\n\n                    <div class=\"row top-cards-ad\">\n                <div class=\"container top-cards-ad--container article__ads\">\n                        <ins class=\"adsbygoogle\"\n         style=\"display:block; text-align:center;\"\n         data-ad-layout=\"in-article\"\n         data-ad-format=\"fluid\"\n         data-ad-client=\"ca-pub-3603544267153916\"\n         data-ad-slot=\"6945210667\"><\/ins>\n    <script defer>\n      (adsbygoogle = window.adsbygoogle || []).push({});\n    <\/script>\n\n                <\/div>\n            <\/div>\n            <\/section>\n\n\n\n\n\n\n\n\n\n\n\n\n\n\n\n\n\n\n    <section style=\"background-image:url('https:\/\/gudlenieks.lv\/wp-content\/uploads\/2023\/02\/bg_image_03_-1.webp')\"            class=\"section component component--top-articles component--top-articles--top-last-month inner-shadow\">\n        <div class=\"top-articles-section-header\">\n            <h2>Los art\u00edculos m\u00e1s vistos el mes pasado<\/h2>                    <\/div>\n\n        <div class=\"row top-cards-list\">\n\n\n            \n                                                                                <div class=\"top-card-wrap \"\n     data-max-translate-x=\"0\"\ndata-max-zoom=\"1.25\"\ndata-max-angle=\"0\"\ndata-max-angle-md=\"10\">\n<a target=\"_blank\" class=\"top-section-links\" data-source-page-title=\"Hojas de trabajo e imprimibles gratuitos para ni\u00f1os\"\n   data-page-title=\"Contando hasta 10\" data-section-type=\"top-last-month\" href=\"https:\/\/gudlenieks.lv\/es\/contando-hasta-10\/\">\n    <article class=\"top-card top-card--0 box-shadow\">\n                <h3>Contando hasta 10                    <\/h3>\n\n        <div>\n                            <img decoding=\"async\" width=\"300\" height=\"225\" src=\"https:\/\/gudlenieks.lv\/wp-content\/uploads\/2024\/12\/tareas-para-ninos-contando-hasta-10-300x225.webp\" class=\"attachment-medium size-medium wp-post-image\" alt=\"Ejemplo de tareas para ni\u00f1os - Contando hasta 10\" srcset=\"https:\/\/gudlenieks.lv\/wp-content\/uploads\/2024\/12\/tareas-para-ninos-contando-hasta-10-300x225.webp 300w, https:\/\/gudlenieks.lv\/wp-content\/uploads\/2024\/12\/tareas-para-ninos-contando-hasta-10-600x450.webp 600w, https:\/\/gudlenieks.lv\/wp-content\/uploads\/2024\/12\/tareas-para-ninos-contando-hasta-10.webp 768w\" sizes=\"(max-width: 300px) 100vw, 300px\" \/>                    <\/div>\n\n    <\/article>\n<\/a>\n<\/div>\n\n\n                \n                                                                                <div class=\"top-card-wrap \"\n     data-max-translate-x=\"67\"\ndata-max-zoom=\"1.11\"\ndata-max-angle=\"-15\"\ndata-max-angle-md=\"-10\">\n<a target=\"_blank\" class=\"top-section-links\" data-source-page-title=\"Hojas de trabajo e imprimibles gratuitos para ni\u00f1os\"\n   data-page-title=\"Adici\u00f3n a 20\" data-section-type=\"top-last-month\" href=\"https:\/\/gudlenieks.lv\/es\/adicion-a-20\/\">\n    <article class=\"top-card top-card--1 box-shadow\">\n                <h3>Adici\u00f3n a 20                    <\/h3>\n\n        <div>\n                            <img decoding=\"async\" width=\"300\" height=\"225\" src=\"https:\/\/gudlenieks.lv\/wp-content\/uploads\/2024\/11\/adicion-a-20-300x225.webp\" class=\"attachment-medium size-medium wp-post-image\" alt=\"Adici\u00f3n a 20\" srcset=\"https:\/\/gudlenieks.lv\/wp-content\/uploads\/2024\/11\/adicion-a-20-300x225.webp 300w, https:\/\/gudlenieks.lv\/wp-content\/uploads\/2024\/11\/adicion-a-20-1024x768.webp 1024w, https:\/\/gudlenieks.lv\/wp-content\/uploads\/2024\/11\/adicion-a-20-768x576.webp 768w, https:\/\/gudlenieks.lv\/wp-content\/uploads\/2024\/11\/adicion-a-20-1536x1152.webp 1536w, https:\/\/gudlenieks.lv\/wp-content\/uploads\/2024\/11\/adicion-a-20-600x450.webp 600w, https:\/\/gudlenieks.lv\/wp-content\/uploads\/2024\/11\/adicion-a-20-827x620.webp 827w, https:\/\/gudlenieks.lv\/wp-content\/uploads\/2024\/11\/adicion-a-20.webp 1920w\" sizes=\"(max-width: 300px) 100vw, 300px\" \/>                    <\/div>\n\n    <\/article>\n<\/a>\n<\/div>\n\n\n                                        <\/div>\n\n                    <div class=\"row top-cards-ad\">\n                <div class=\"container top-cards-ad--container article__ads\">\n                        <ins class=\"adsbygoogle\"\n         style=\"display:block; text-align:center;\"\n         data-ad-layout=\"in-article\"\n         data-ad-format=\"fluid\"\n         data-ad-client=\"ca-pub-3603544267153916\"\n         data-ad-slot=\"6945210667\"><\/ins>\n    <script defer>\n      (adsbygoogle = window.adsbygoogle || []).push({});\n    <\/script>\n\n                <\/div>\n            <\/div>\n            <\/section>\n\n\n\n\n\n\n\n\n\n\n\n\n\n\n","protected":false},"excerpt":{"rendered":"","protected":false},"author":1,"featured_media":0,"parent":0,"menu_order":0,"comment_status":"closed","ping_status":"closed","template":"template-page\/page-fullwidth-100.php","meta":{"_acf_changed":false,"inline_featured_image":false,"footnotes":""},"class_list":["post-10253","page","type-page","status-publish","hentry"],"acf":[],"yoast_head":"<!-- This site is optimized with the Yoast SEO plugin v26.7 - https:\/\/yoast.com\/wordpress\/plugins\/seo\/ -->\n<title>Hojas de trabajo e imprimibles gratuitos para ni\u00f1os - Gudlenieks<\/title>\n<meta name=\"robots\" content=\"index, follow, max-snippet:-1, max-image-preview:large, max-video-preview:-1\" \/>\n<link rel=\"canonical\" href=\"https:\/\/gudlenieks.lv\/es\/\" \/>\n<meta property=\"og:locale\" content=\"es_ES\" \/>\n<meta property=\"og:type\" content=\"article\" \/>\n<meta property=\"og:title\" content=\"Hojas de trabajo e imprimibles gratuitos para ni\u00f1os - Gudlenieks\" \/>\n<meta property=\"og:url\" content=\"https:\/\/gudlenieks.lv\/es\/\" \/>\n<meta property=\"og:site_name\" content=\"Gudlenieks\" \/>\n<meta property=\"article:modified_time\" content=\"2024-11-27T22:02:17+00:00\" \/>\n<meta name=\"twitter:card\" content=\"summary_large_image\" \/>\n<script type=\"application\/ld+json\" class=\"yoast-schema-graph\">{\"@context\":\"https:\/\/schema.org\",\"@graph\":[{\"@type\":\"WebPage\",\"@id\":\"https:\/\/gudlenieks.lv\/es\/\",\"url\":\"https:\/\/gudlenieks.lv\/es\/\",\"name\":\"Hojas de trabajo e imprimibles gratuitos para ni\u00f1os - Gudlenieks\",\"isPartOf\":{\"@id\":\"https:\/\/gudlenieks.lv\/#website\"},\"datePublished\":\"2024-11-27T22:02:14+00:00\",\"dateModified\":\"2024-11-27T22:02:17+00:00\",\"breadcrumb\":{\"@id\":\"https:\/\/gudlenieks.lv\/es\/#breadcrumb\"},\"inLanguage\":\"es\",\"potentialAction\":[{\"@type\":\"ReadAction\",\"target\":[\"https:\/\/gudlenieks.lv\/es\/\"]}]},{\"@type\":\"BreadcrumbList\",\"@id\":\"https:\/\/gudlenieks.lv\/es\/#breadcrumb\",\"itemListElement\":[{\"@type\":\"ListItem\",\"position\":1,\"name\":\"Home\",\"item\":\"https:\/\/gudlenieks.lv\/es\/\"},{\"@type\":\"ListItem\",\"position\":2,\"name\":\"Hojas de trabajo e imprimibles gratuitos para ni\u00f1os\"}]},{\"@type\":\"WebSite\",\"@id\":\"https:\/\/gudlenieks.lv\/#website\",\"url\":\"https:\/\/gudlenieks.lv\/\",\"name\":\"Gudlenieks\",\"description\":\"Educational games, worksheets and tasks for kids.\",\"publisher\":{\"@id\":\"https:\/\/gudlenieks.lv\/#organization\"},\"potentialAction\":[{\"@type\":\"SearchAction\",\"target\":{\"@type\":\"EntryPoint\",\"urlTemplate\":\"https:\/\/gudlenieks.lv\/?s={search_term_string}\"},\"query-input\":{\"@type\":\"PropertyValueSpecification\",\"valueRequired\":true,\"valueName\":\"search_term_string\"}}],\"inLanguage\":\"es\"},{\"@type\":\"Organization\",\"@id\":\"https:\/\/gudlenieks.lv\/#organization\",\"name\":\"Gudlenieks\",\"url\":\"https:\/\/gudlenieks.lv\/\",\"logo\":{\"@type\":\"ImageObject\",\"inLanguage\":\"es\",\"@id\":\"https:\/\/gudlenieks.lv\/#\/schema\/logo\/image\/\",\"url\":\"https:\/\/gudlenieks.lv\/wp-content\/uploads\/2022\/01\/gudlenieks5.png\",\"contentUrl\":\"https:\/\/gudlenieks.lv\/wp-content\/uploads\/2022\/01\/gudlenieks5.png\",\"width\":630,\"height\":630,\"caption\":\"Gudlenieks\"},\"image\":{\"@id\":\"https:\/\/gudlenieks.lv\/#\/schema\/logo\/image\/\"}}]}<\/script>\n<!-- \/ Yoast SEO plugin. -->","yoast_head_json":{"title":"Hojas de trabajo e imprimibles gratuitos para ni\u00f1os - Gudlenieks","robots":{"index":"index","follow":"follow","max-snippet":"max-snippet:-1","max-image-preview":"max-image-preview:large","max-video-preview":"max-video-preview:-1"},"canonical":"https:\/\/gudlenieks.lv\/es\/","og_locale":"es_ES","og_type":"article","og_title":"Hojas de trabajo e imprimibles gratuitos para ni\u00f1os - Gudlenieks","og_url":"https:\/\/gudlenieks.lv\/es\/","og_site_name":"Gudlenieks","article_modified_time":"2024-11-27T22:02:17+00:00","twitter_card":"summary_large_image","schema":{"@context":"https:\/\/schema.org","@graph":[{"@type":"WebPage","@id":"https:\/\/gudlenieks.lv\/es\/","url":"https:\/\/gudlenieks.lv\/es\/","name":"Hojas de trabajo e imprimibles gratuitos para ni\u00f1os - Gudlenieks","isPartOf":{"@id":"https:\/\/gudlenieks.lv\/#website"},"datePublished":"2024-11-27T22:02:14+00:00","dateModified":"2024-11-27T22:02:17+00:00","breadcrumb":{"@id":"https:\/\/gudlenieks.lv\/es\/#breadcrumb"},"inLanguage":"es","potentialAction":[{"@type":"ReadAction","target":["https:\/\/gudlenieks.lv\/es\/"]}]},{"@type":"BreadcrumbList","@id":"https:\/\/gudlenieks.lv\/es\/#breadcrumb","itemListElement":[{"@type":"ListItem","position":1,"name":"Home","item":"https:\/\/gudlenieks.lv\/es\/"},{"@type":"ListItem","position":2,"name":"Hojas de trabajo e imprimibles gratuitos para ni\u00f1os"}]},{"@type":"WebSite","@id":"https:\/\/gudlenieks.lv\/#website","url":"https:\/\/gudlenieks.lv\/","name":"Gudlenieks","description":"Educational games, worksheets and tasks for kids.","publisher":{"@id":"https:\/\/gudlenieks.lv\/#organization"},"potentialAction":[{"@type":"SearchAction","target":{"@type":"EntryPoint","urlTemplate":"https:\/\/gudlenieks.lv\/?s={search_term_string}"},"query-input":{"@type":"PropertyValueSpecification","valueRequired":true,"valueName":"search_term_string"}}],"inLanguage":"es"},{"@type":"Organization","@id":"https:\/\/gudlenieks.lv\/#organization","name":"Gudlenieks","url":"https:\/\/gudlenieks.lv\/","logo":{"@type":"ImageObject","inLanguage":"es","@id":"https:\/\/gudlenieks.lv\/#\/schema\/logo\/image\/","url":"https:\/\/gudlenieks.lv\/wp-content\/uploads\/2022\/01\/gudlenieks5.png","contentUrl":"https:\/\/gudlenieks.lv\/wp-content\/uploads\/2022\/01\/gudlenieks5.png","width":630,"height":630,"caption":"Gudlenieks"},"image":{"@id":"https:\/\/gudlenieks.lv\/#\/schema\/logo\/image\/"}}]}},"_links":{"self":[{"href":"https:\/\/gudlenieks.lv\/es\/wp-json\/wp\/v2\/pages\/10253","targetHints":{"allow":["GET"]}}],"collection":[{"href":"https:\/\/gudlenieks.lv\/es\/wp-json\/wp\/v2\/pages"}],"about":[{"href":"https:\/\/gudlenieks.lv\/es\/wp-json\/wp\/v2\/types\/page"}],"author":[{"embeddable":true,"href":"https:\/\/gudlenieks.lv\/es\/wp-json\/wp\/v2\/users\/1"}],"replies":[{"embeddable":true,"href":"https:\/\/gudlenieks.lv\/es\/wp-json\/wp\/v2\/comments?post=10253"}],"version-history":[{"count":2,"href":"https:\/\/gudlenieks.lv\/es\/wp-json\/wp\/v2\/pages\/10253\/revisions"}],"predecessor-version":[{"id":10255,"href":"https:\/\/gudlenieks.lv\/es\/wp-json\/wp\/v2\/pages\/10253\/revisions\/10255"}],"wp:attachment":[{"href":"https:\/\/gudlenieks.lv\/es\/wp-json\/wp\/v2\/media?parent=10253"}],"curies":[{"name":"wp","href":"https:\/\/api.w.org\/{rel}","templated":true}]}}