{"id":10247,"date":"2024-11-27T21:50:06","date_gmt":"2024-11-27T21:50:06","guid":{"rendered":"https:\/\/gudlenieks.lv\/?page_id=10247"},"modified":"2024-11-27T21:50:09","modified_gmt":"2024-11-27T21:50:09","slug":"tu-apoyo-nuestro-contenido","status":"publish","type":"page","link":"https:\/\/gudlenieks.lv\/es\/tu-apoyo-nuestro-contenido\/","title":{"rendered":"Tu apoyo, nuestro contenido"},"content":{"rendered":"\n<p>Nuestros materiales se ofrecen de forma gratuita, pero su desarrollo, soporte y mejoras requieren tiempo, energ\u00eda y recursos. Si nuestros materiales le resultan \u00fatiles, considere apoyarnos de una o m\u00e1s de las siguientes maneras.<\/p>\n\n\n\n        <ins class=\"adsbygoogle\"\n         style=\"display:block; text-align:center;\"\n         data-ad-layout=\"in-article\"\n         data-ad-format=\"fluid\"\n         data-ad-client=\"ca-pub-3603544267153916\"\n         data-ad-slot=\"6945210667\"><\/ins>\n        <script defer>\n          (adsbygoogle = window.adsbygoogle || []).push({});\n        <\/script><h2 class=\"simpletoc-title\">Tabla de contenido<\/h2>\n<ul class=\"simpletoc-list\">\n<li><a href=\"#financial-support\">Apoyo financiero<\/a>\n\n<\/li>\n<li><a href=\"#non-direct-financial-support\">Apoyo financiero no directo<\/a>\n\n<\/li>\n<li><a href=\"#social-support\">Apoyo social<\/a>\n<\/li><\/ul>\n        <ins class=\"adsbygoogle\"\n         style=\"display:block; text-align:center;\"\n         data-ad-layout=\"in-article\"\n         data-ad-format=\"fluid\"\n         data-ad-client=\"ca-pub-3603544267153916\"\n         data-ad-slot=\"6945210667\"><\/ins>\n        <script defer>\n          (adsbygoogle = window.adsbygoogle || []).push({});\n        <\/script>\n\n<h2 class=\"wp-block-heading\" id=\"financial-support\">Apoyo financiero<\/h2>\n\n\n<p>Even a small contribution of just 1 EUR can help us cover the costs of server support and provide us with the extra motivation to create and update our materials. Thank you for considering supporting our work.<br>You can become a regular <a href=\"https:\/\/www.patreon.com\/lauzis\" target=\"_blank\" rel=\"noreferrer noopener\">Patreon<\/a>.<br>Or you can send us a one-time donation through <a href=\"https:\/\/paypal.me\/Lauzis?locale.x=en_US\" target=\"_blank\" rel=\"noreferrer noopener\">PayPal<\/a>.<br><br>Incluso una peque\u00f1a contribuci\u00f3n de tan solo 1 EUR puede ayudarnos a cubrir los costos de soporte del servidor y brindarnos una motivaci\u00f3n adicional para crear y actualizar nuestros materiales. Gracias por considerar apoyar nuestro trabajo.<br>Puedes convertirte en un <a href=\"https:\/\/www.patreon.com\/lauzis\">Patreon<\/a> habitual.<br>O puedes enviarnos una donaci\u00f3n \u00fanica a trav\u00e9s de <a href=\"https:\/\/paypal.me\/Lauzis?locale.x=en_US\">PayPal<\/a>.<\/p>\n\n\n\n<p>BTC: 3FtCcedzVcuQEBWTbbjLQBgWiBbNgT8cQG <br>BCH: qr3ed287kxc9ncukadceanfkqtshaqvg0g68j57pjz <br>ETH: 0xc9681216a25Ac99500482Bd419b4644882a31471<\/p>\n\n\n<h2 class=\"wp-block-heading\" id=\"non-direct-financial-support\">Apoyo financiero no directo<\/h2>\n\n\n<p>\u00bfBuscas juguetes o juegos para jugar con tu familia? Puedes encontrar una variedad de opciones a trav\u00e9s de nuestros enlaces de afiliados. Cuando realices una compra a trav\u00e9s de nuestros enlaces recomendados, no te costar\u00e1 nada extra, pero nos proporcionar\u00e1s una peque\u00f1a comisi\u00f3n por guiarte hasta ese art\u00edculo en particular.<\/p>\n\n\n\n<p>Adem\u00e1s, ofrecemos una variedad de piezas y materiales para realizar experimentos interesantes con tu familia. Al comprar a trav\u00e9s de nuestros enlaces recomendados, puedes ayudarnos a seguir creando y actualizando contenido sin ning\u00fan costo adicional para ti.<\/p>\n\n\n\n<p>\u00a1Gracias por tu apoyo y esperamos que disfrutes de nuestros materiales!<\/p>\n\n\n<h2 class=\"wp-block-heading\" id=\"social-support\">Apoyo social<\/h2>\n\n\n<p>Entendemos que no siempre es posible apoyar econ\u00f3micamente proyectos interesantes y \u00fatiles. En ese caso, a\u00fan puedes apoyarnos difundiendo nuestros materiales. S\u00edguenos en nuestros perfiles de redes sociales (Twitter, Facebook, Youtube, Instagram, Patreon) para ser de los primeros en enterarte de cu\u00e1ndo se publica contenido nuevo.<\/p>\n\n\n\n<p>Agradecemos enormemente que compartas nuestros materiales con tus amigos, familiares y colegas, ya que pueden ayudarnos a llegar a m\u00e1s personas.<\/p>\n\n\n\n<p>\u00a1Gracias por tu apoyo y esperamos que disfrutes usando nuestros materiales!<\/p>\n","protected":false},"excerpt":{"rendered":"<p>Nuestros materiales se ofrecen de forma gratuita, pero su desarrollo, soporte y mejoras requieren tiempo, energ\u00eda y recursos. Si nuestros materiales le resultan \u00fatiles, considere apoyarnos de una o m\u00e1s de las siguientes maneras. Apoyo financiero Even a small contribution of just 1 EUR can help us cover the costs [&hellip;]<\/p>\n","protected":false},"author":1,"featured_media":0,"parent":0,"menu_order":0,"comment_status":"closed","ping_status":"closed","template":"","meta":{"_acf_changed":false,"inline_featured_image":false,"footnotes":""},"class_list":["post-10247","page","type-page","status-publish","hentry"],"acf":[],"yoast_head":"<!-- This site is optimized with the Yoast SEO plugin v26.7 - https:\/\/yoast.com\/wordpress\/plugins\/seo\/ -->\n<title>Tu apoyo, nuestro contenido - Gudlenieks<\/title>\n<meta name=\"robots\" content=\"index, follow, max-snippet:-1, max-image-preview:large, max-video-preview:-1\" \/>\n<link rel=\"canonical\" href=\"https:\/\/gudlenieks.lv\/es\/tu-apoyo-nuestro-contenido\/\" \/>\n<meta property=\"og:locale\" content=\"es_ES\" \/>\n<meta property=\"og:type\" content=\"article\" \/>\n<meta property=\"og:title\" content=\"Tu apoyo, nuestro contenido - Gudlenieks\" \/>\n<meta property=\"og:description\" content=\"Nuestros materiales se ofrecen de forma gratuita, pero su desarrollo, soporte y mejoras requieren tiempo, energ\u00eda y recursos. Si nuestros materiales le resultan \u00fatiles, considere apoyarnos de una o m\u00e1s de las siguientes maneras. Apoyo financiero Even a small contribution of just 1 EUR can help us cover the costs [&hellip;]\" \/>\n<meta property=\"og:url\" content=\"https:\/\/gudlenieks.lv\/es\/tu-apoyo-nuestro-contenido\/\" \/>\n<meta property=\"og:site_name\" content=\"Gudlenieks\" \/>\n<meta property=\"article:modified_time\" content=\"2024-11-27T21:50:09+00:00\" \/>\n<meta name=\"twitter:card\" content=\"summary_large_image\" \/>\n<meta name=\"twitter:label1\" content=\"Tiempo de lectura\" \/>\n\t<meta name=\"twitter:data1\" content=\"2 minutos\" \/>\n<script type=\"application\/ld+json\" class=\"yoast-schema-graph\">{\"@context\":\"https:\/\/schema.org\",\"@graph\":[{\"@type\":\"WebPage\",\"@id\":\"https:\/\/gudlenieks.lv\/es\/tu-apoyo-nuestro-contenido\/\",\"url\":\"https:\/\/gudlenieks.lv\/es\/tu-apoyo-nuestro-contenido\/\",\"name\":\"Tu apoyo, nuestro contenido - Gudlenieks\",\"isPartOf\":{\"@id\":\"https:\/\/gudlenieks.lv\/#website\"},\"datePublished\":\"2024-11-27T21:50:06+00:00\",\"dateModified\":\"2024-11-27T21:50:09+00:00\",\"breadcrumb\":{\"@id\":\"https:\/\/gudlenieks.lv\/es\/tu-apoyo-nuestro-contenido\/#breadcrumb\"},\"inLanguage\":\"es\",\"potentialAction\":[{\"@type\":\"ReadAction\",\"target\":[\"https:\/\/gudlenieks.lv\/es\/tu-apoyo-nuestro-contenido\/\"]}]},{\"@type\":\"BreadcrumbList\",\"@id\":\"https:\/\/gudlenieks.lv\/es\/tu-apoyo-nuestro-contenido\/#breadcrumb\",\"itemListElement\":[{\"@type\":\"ListItem\",\"position\":1,\"name\":\"Home\",\"item\":\"https:\/\/gudlenieks.lv\/es\/\"},{\"@type\":\"ListItem\",\"position\":2,\"name\":\"Tu apoyo, nuestro contenido\"}]},{\"@type\":\"WebSite\",\"@id\":\"https:\/\/gudlenieks.lv\/#website\",\"url\":\"https:\/\/gudlenieks.lv\/\",\"name\":\"Gudlenieks\",\"description\":\"Educational games, worksheets and tasks for kids.\",\"publisher\":{\"@id\":\"https:\/\/gudlenieks.lv\/#organization\"},\"potentialAction\":[{\"@type\":\"SearchAction\",\"target\":{\"@type\":\"EntryPoint\",\"urlTemplate\":\"https:\/\/gudlenieks.lv\/?s={search_term_string}\"},\"query-input\":{\"@type\":\"PropertyValueSpecification\",\"valueRequired\":true,\"valueName\":\"search_term_string\"}}],\"inLanguage\":\"es\"},{\"@type\":\"Organization\",\"@id\":\"https:\/\/gudlenieks.lv\/#organization\",\"name\":\"Gudlenieks\",\"url\":\"https:\/\/gudlenieks.lv\/\",\"logo\":{\"@type\":\"ImageObject\",\"inLanguage\":\"es\",\"@id\":\"https:\/\/gudlenieks.lv\/#\/schema\/logo\/image\/\",\"url\":\"https:\/\/gudlenieks.lv\/wp-content\/uploads\/2022\/01\/gudlenieks5.png\",\"contentUrl\":\"https:\/\/gudlenieks.lv\/wp-content\/uploads\/2022\/01\/gudlenieks5.png\",\"width\":630,\"height\":630,\"caption\":\"Gudlenieks\"},\"image\":{\"@id\":\"https:\/\/gudlenieks.lv\/#\/schema\/logo\/image\/\"}}]}<\/script>\n<!-- \/ Yoast SEO plugin. -->","yoast_head_json":{"title":"Tu apoyo, nuestro contenido - Gudlenieks","robots":{"index":"index","follow":"follow","max-snippet":"max-snippet:-1","max-image-preview":"max-image-preview:large","max-video-preview":"max-video-preview:-1"},"canonical":"https:\/\/gudlenieks.lv\/es\/tu-apoyo-nuestro-contenido\/","og_locale":"es_ES","og_type":"article","og_title":"Tu apoyo, nuestro contenido - Gudlenieks","og_description":"Nuestros materiales se ofrecen de forma gratuita, pero su desarrollo, soporte y mejoras requieren tiempo, energ\u00eda y recursos. Si nuestros materiales le resultan \u00fatiles, considere apoyarnos de una o m\u00e1s de las siguientes maneras. Apoyo financiero Even a small contribution of just 1 EUR can help us cover the costs [&hellip;]","og_url":"https:\/\/gudlenieks.lv\/es\/tu-apoyo-nuestro-contenido\/","og_site_name":"Gudlenieks","article_modified_time":"2024-11-27T21:50:09+00:00","twitter_card":"summary_large_image","twitter_misc":{"Tiempo de lectura":"2 minutos"},"schema":{"@context":"https:\/\/schema.org","@graph":[{"@type":"WebPage","@id":"https:\/\/gudlenieks.lv\/es\/tu-apoyo-nuestro-contenido\/","url":"https:\/\/gudlenieks.lv\/es\/tu-apoyo-nuestro-contenido\/","name":"Tu apoyo, nuestro contenido - Gudlenieks","isPartOf":{"@id":"https:\/\/gudlenieks.lv\/#website"},"datePublished":"2024-11-27T21:50:06+00:00","dateModified":"2024-11-27T21:50:09+00:00","breadcrumb":{"@id":"https:\/\/gudlenieks.lv\/es\/tu-apoyo-nuestro-contenido\/#breadcrumb"},"inLanguage":"es","potentialAction":[{"@type":"ReadAction","target":["https:\/\/gudlenieks.lv\/es\/tu-apoyo-nuestro-contenido\/"]}]},{"@type":"BreadcrumbList","@id":"https:\/\/gudlenieks.lv\/es\/tu-apoyo-nuestro-contenido\/#breadcrumb","itemListElement":[{"@type":"ListItem","position":1,"name":"Home","item":"https:\/\/gudlenieks.lv\/es\/"},{"@type":"ListItem","position":2,"name":"Tu apoyo, nuestro contenido"}]},{"@type":"WebSite","@id":"https:\/\/gudlenieks.lv\/#website","url":"https:\/\/gudlenieks.lv\/","name":"Gudlenieks","description":"Educational games, worksheets and tasks for kids.","publisher":{"@id":"https:\/\/gudlenieks.lv\/#organization"},"potentialAction":[{"@type":"SearchAction","target":{"@type":"EntryPoint","urlTemplate":"https:\/\/gudlenieks.lv\/?s={search_term_string}"},"query-input":{"@type":"PropertyValueSpecification","valueRequired":true,"valueName":"search_term_string"}}],"inLanguage":"es"},{"@type":"Organization","@id":"https:\/\/gudlenieks.lv\/#organization","name":"Gudlenieks","url":"https:\/\/gudlenieks.lv\/","logo":{"@type":"ImageObject","inLanguage":"es","@id":"https:\/\/gudlenieks.lv\/#\/schema\/logo\/image\/","url":"https:\/\/gudlenieks.lv\/wp-content\/uploads\/2022\/01\/gudlenieks5.png","contentUrl":"https:\/\/gudlenieks.lv\/wp-content\/uploads\/2022\/01\/gudlenieks5.png","width":630,"height":630,"caption":"Gudlenieks"},"image":{"@id":"https:\/\/gudlenieks.lv\/#\/schema\/logo\/image\/"}}]}},"_links":{"self":[{"href":"https:\/\/gudlenieks.lv\/es\/wp-json\/wp\/v2\/pages\/10247","targetHints":{"allow":["GET"]}}],"collection":[{"href":"https:\/\/gudlenieks.lv\/es\/wp-json\/wp\/v2\/pages"}],"about":[{"href":"https:\/\/gudlenieks.lv\/es\/wp-json\/wp\/v2\/types\/page"}],"author":[{"embeddable":true,"href":"https:\/\/gudlenieks.lv\/es\/wp-json\/wp\/v2\/users\/1"}],"replies":[{"embeddable":true,"href":"https:\/\/gudlenieks.lv\/es\/wp-json\/wp\/v2\/comments?post=10247"}],"version-history":[{"count":1,"href":"https:\/\/gudlenieks.lv\/es\/wp-json\/wp\/v2\/pages\/10247\/revisions"}],"predecessor-version":[{"id":10248,"href":"https:\/\/gudlenieks.lv\/es\/wp-json\/wp\/v2\/pages\/10247\/revisions\/10248"}],"wp:attachment":[{"href":"https:\/\/gudlenieks.lv\/es\/wp-json\/wp\/v2\/media?parent=10247"}],"curies":[{"name":"wp","href":"https:\/\/api.w.org\/{rel}","templated":true}]}}