{"id":302,"date":"2021-07-01T10:37:35","date_gmt":"2021-07-01T10:37:35","guid":{"rendered":"https:\/\/gudlenieks.lv\/?page_id=302"},"modified":"2025-01-05T15:25:24","modified_gmt":"2025-01-05T15:25:24","slug":"downloads","status":"publish","type":"page","link":"https:\/\/gudlenieks.lv\/en\/downloads\/","title":{"rendered":"Downloads"},"content":{"rendered":"<section class=\"section component component--download-file\">\n                        \n    \n        <h2><\/h2>\n        <p><\/p>\n\n    \n    <\/section>\n\n\n    <ins class=\"adsbygoogle\"\n         style=\"display:block; text-align:center;\"\n         data-ad-layout=\"in-article\"\n         data-ad-format=\"fluid\"\n         data-ad-client=\"ca-pub-3603544267153916\"\n         data-ad-slot=\"6945210667\"><\/ins>\n    <script defer>\n      (adsbygoogle = window.adsbygoogle || []).push({});\n    <\/script>\n\n\n\n\n\n\n\n\n\n    <ins class=\"adsbygoogle\"\n         style=\"display:block; text-align:center;\"\n         data-ad-layout=\"in-article\"\n         data-ad-format=\"fluid\"\n         data-ad-client=\"ca-pub-3603544267153916\"\n         data-ad-slot=\"6945210667\"><\/ins>\n    <script defer>\n      (adsbygoogle = window.adsbygoogle || []).push({});\n    <\/script>\n\n\n\n\n\n    <section             class=\"section component component--top-articles component--top-articles--top-this-month inner-shadow\">\n        <div class=\"top-articles-section-header\">\n            <h2>Most popular articles this month<\/h2>                            <div class=\"top-articles-paragraphs\"><p>These are most popular artiles this month. Maybe some of them could also interest you.<\/p>\n<\/div>        <\/div>\n\n        <div class=\"row top-cards-list\">\n\n\n            \n                                                                                <div class=\"top-card-wrap \"\n     data-max-translate-x=\"0\"\ndata-max-zoom=\"1.45\"\ndata-max-angle=\"0\"\ndata-max-angle-md=\"11\">\n<a target=\"_blank\" class=\"top-section-links\" data-source-page-title=\"Downloads\"\n   data-page-title=\"Addition to 20\" data-section-type=\"top-this-month\" href=\"https:\/\/gudlenieks.lv\/en\/addition-to-20\/\">\n    <article class=\"top-card top-card--0 box-shadow\">\n                <h3>Addition to 20                    <\/h3>\n\n        <div>\n                            <img decoding=\"async\" width=\"300\" height=\"225\" src=\"https:\/\/gudlenieks.lv\/wp-content\/uploads\/2021\/10\/printable_worksheets_for_kids_addition_to_20-300x225.jpg\" class=\"attachment-medium size-medium wp-post-image\" alt=\"Example of printable worksheets for kids addition to 20\" srcset=\"https:\/\/gudlenieks.lv\/wp-content\/uploads\/2021\/10\/printable_worksheets_for_kids_addition_to_20-300x225.jpg 300w, https:\/\/gudlenieks.lv\/wp-content\/uploads\/2021\/10\/printable_worksheets_for_kids_addition_to_20-1024x768.jpg 1024w, https:\/\/gudlenieks.lv\/wp-content\/uploads\/2021\/10\/printable_worksheets_for_kids_addition_to_20-768x576.jpg 768w, https:\/\/gudlenieks.lv\/wp-content\/uploads\/2021\/10\/printable_worksheets_for_kids_addition_to_20-1536x1152.jpg 1536w, https:\/\/gudlenieks.lv\/wp-content\/uploads\/2021\/10\/printable_worksheets_for_kids_addition_to_20-600x450.jpg 600w, https:\/\/gudlenieks.lv\/wp-content\/uploads\/2021\/10\/printable_worksheets_for_kids_addition_to_20-827x620.jpg 827w, https:\/\/gudlenieks.lv\/wp-content\/uploads\/2021\/10\/printable_worksheets_for_kids_addition_to_20.jpg 1920w\" sizes=\"(max-width: 300px) 100vw, 300px\" \/>                    <\/div>\n\n    <\/article>\n<\/a>\n<\/div>\n\n\n                \n                                                                                <div class=\"top-card-wrap \"\n     data-max-translate-x=\"60\"\ndata-max-zoom=\"1.17\"\ndata-max-angle=\"-13\"\ndata-max-angle-md=\"-16\">\n<a target=\"_blank\" class=\"top-section-links\" data-source-page-title=\"Downloads\"\n   data-page-title=\"Photo hunting\" data-section-type=\"top-this-month\" href=\"https:\/\/gudlenieks.lv\/en\/photo-hunting\/\">\n    <article class=\"top-card top-card--1 box-shadow\">\n                <h3>Photo hunting                    <\/h3>\n\n        <div>\n                            <img decoding=\"async\" width=\"300\" height=\"267\" src=\"https:\/\/gudlenieks.lv\/wp-content\/uploads\/2021\/11\/lietoti-fotoaparati-300x267.png\" class=\"attachment-medium size-medium wp-post-image\" alt=\"\" srcset=\"https:\/\/gudlenieks.lv\/wp-content\/uploads\/2021\/11\/lietoti-fotoaparati-300x267.png 300w, https:\/\/gudlenieks.lv\/wp-content\/uploads\/2021\/11\/lietoti-fotoaparati-768x685.png 768w, https:\/\/gudlenieks.lv\/wp-content\/uploads\/2021\/11\/lietoti-fotoaparati-696x620.png 696w, https:\/\/gudlenieks.lv\/wp-content\/uploads\/2021\/11\/lietoti-fotoaparati.png 957w\" sizes=\"(max-width: 300px) 100vw, 300px\" \/>                    <\/div>\n\n    <\/article>\n<\/a>\n<\/div>\n\n\n                \n                                                                                <div class=\"top-card-wrap \"\n     data-max-translate-x=\"-70\"\ndata-max-zoom=\"1.32\"\ndata-max-angle=\"19\"\ndata-max-angle-md=\"13\">\n<a target=\"_blank\" class=\"top-section-links\" data-source-page-title=\"Downloads\"\n   data-page-title=\"Addition to 10 with several addends\" data-section-type=\"top-this-month\" href=\"https:\/\/gudlenieks.lv\/en\/adding-to-10-with-several-addends\/\">\n    <article class=\"top-card top-card--2 box-shadow\">\n                <h3>Addition to 10 with several addends                    <\/h3>\n\n        <div>\n                            <img decoding=\"async\" width=\"300\" height=\"225\" src=\"https:\/\/gudlenieks.lv\/wp-content\/uploads\/2021\/07\/IMG_7818-scaled-e1634627731546-300x225.jpg\" class=\"attachment-medium size-medium wp-post-image\" alt=\"Saskait\u012b\u0161ana l\u012bdz 10 ar vair\u0101kiem saskait\u0101miem\" srcset=\"https:\/\/gudlenieks.lv\/wp-content\/uploads\/2021\/07\/IMG_7818-scaled-e1634627731546-300x225.jpg 300w, https:\/\/gudlenieks.lv\/wp-content\/uploads\/2021\/07\/IMG_7818-scaled-e1634627731546-1024x768.jpg 1024w, https:\/\/gudlenieks.lv\/wp-content\/uploads\/2021\/07\/IMG_7818-scaled-e1634627731546-768x576.jpg 768w, https:\/\/gudlenieks.lv\/wp-content\/uploads\/2021\/07\/IMG_7818-scaled-e1634627731546-1536x1152.jpg 1536w, https:\/\/gudlenieks.lv\/wp-content\/uploads\/2021\/07\/IMG_7818-scaled-e1634627731546-2048x1536.jpg 2048w, https:\/\/gudlenieks.lv\/wp-content\/uploads\/2021\/07\/IMG_7818-scaled-e1634627731546-827x620.jpg 827w\" sizes=\"(max-width: 300px) 100vw, 300px\" \/>                    <\/div>\n\n    <\/article>\n<\/a>\n<\/div>\n\n\n                                        <\/div>\n\n            <\/section>\n\n\n\n\n    <ins class=\"adsbygoogle\"\n         style=\"display:block; text-align:center;\"\n         data-ad-layout=\"in-article\"\n         data-ad-format=\"fluid\"\n         data-ad-client=\"ca-pub-3603544267153916\"\n         data-ad-slot=\"6945210667\"><\/ins>\n    <script defer>\n      (adsbygoogle = window.adsbygoogle || []).push({});\n    <\/script>\n\n\n\n    <section class=\"section component component--include-page-content\">\n        <div class=\"line\"><\/div>\n        <h2>Support from you, content from us<\/h2>\n        \n<p>Our materials are offered free of charge, but the development, support, and improvements require time, energy, and resources. If you find our materials helpful, please consider supporting us in one or more of the following ways.<\/p>\n\n\n\n\n<h2 class=\"wp-block-heading\" id=\"financial-support\">Financial support<\/h2>\n\n\n<p>Even a small contribution of just 1 EUR can help us cover the costs of server support and provide us with the extra motivation to create and update our materials. Thank you for considering supporting our work.<br>You can become a regular <a href=\"https:\/\/www.patreon.com\/lauzis\" target=\"_blank\" rel=\"noreferrer noopener\">Patreon<\/a>.<br>Or you can send us a one-time donation through <a href=\"https:\/\/paypal.me\/Lauzis?locale.x=en_US\" target=\"_blank\" rel=\"noreferrer noopener\">PayPal<\/a>. <\/p>\n\n\n\n<p>BTC: 3FtCcedzVcuQEBWTbbjLQBgWiBbNgT8cQG <br>BCH: qr3ed287kxc9ncukadceanfkqtshaqvg0g68j57pjz <br>ETH: 0xc9681216a25Ac99500482Bd419b4644882a31471<\/p>\n\n\n<h2 class=\"wp-block-heading\" id=\"non-direct-financial-support\">Non-direct financial support<\/h2>\n\n\n<p>Looking for toys or games to play with your family? You can find a variety of options through our affiliate links. When you make a purchase through our recommended links, it won&#8217;t cost you any extra, but a small commission will be provided to us for leading you to that particular item.<\/p>\n\n\n\n<p>Additionally, we offer a range of parts and materials for making interesting experiments with your family. By purchasing through our recommended links, you can help us continue creating and updating content without any extra cost to you.<\/p>\n\n\n\n<p>Thank you for your support, and we hope you enjoy our materials!<\/p>\n\n\n<h2 class=\"wp-block-heading\" id=\"social-support\">Social support<\/h2>\n\n\n<p>We understand that it&#8217;s not always possible to support interesting and useful projects financially. In this case, you can still support us by spreading the word about our materials. Please follow our social media profiles (<a href=\"https:\/\/twitter.com\/gudlenieks\" target=\"_blank\" rel=\"noreferrer noopener\">Twitter<\/a>, <a href=\"https:\/\/www.facebook.com\/gudlenieksEn\/\" target=\"_blank\" rel=\"noreferrer noopener\">Facebook<\/a>, <a href=\"https:\/\/www.youtube.com\/channel\/UC3rd2571Pz26sDd4ryOl64w\" target=\"_blank\" rel=\"noreferrer noopener\">Youtube<\/a>, <a href=\"https:\/\/www.instagram.com\/gudlenieksen\/\" target=\"_blank\" rel=\"noreferrer noopener\">Instagram<\/a>, <a href=\"https:\/\/www.patreon.com\/lauzis\" target=\"_blank\" rel=\"noreferrer noopener\">Patreon<\/a>) to be among the first to know when new content is published. <\/p>\n\n\n\n<p>Sharing our materials with your friends, family, and colleagues is highly appreciated and can help us reach more people.<\/p>\n\n\n\n<p>Thank you for your support, and we hope you enjoy using our materials!<\/p>\n    <\/section>\n\n\n    <ins class=\"adsbygoogle\"\n         style=\"display:block; text-align:center;\"\n         data-ad-layout=\"in-article\"\n         data-ad-format=\"fluid\"\n         data-ad-client=\"ca-pub-3603544267153916\"\n         data-ad-slot=\"6945210667\"><\/ins>\n    <script defer>\n      (adsbygoogle = window.adsbygoogle || []).push({});\n    <\/script>\n\n","protected":false},"excerpt":{"rendered":"","protected":false},"author":1,"featured_media":0,"parent":0,"menu_order":0,"comment_status":"closed","ping_status":"closed","template":"template-page\/page-fullwidth-100.php","meta":{"_acf_changed":false,"inline_featured_image":false,"footnotes":""},"class_list":["post-302","page","type-page","status-publish","hentry"],"acf":[],"yoast_head":"<!-- This site is optimized with the Yoast SEO plugin v26.7 - https:\/\/yoast.com\/wordpress\/plugins\/seo\/ -->\n<title>Downloads - Gudlenieks<\/title>\n<meta name=\"robots\" content=\"noindex, follow\" \/>\n<meta property=\"og:locale\" content=\"en_US\" \/>\n<meta property=\"og:type\" content=\"article\" \/>\n<meta property=\"og:title\" content=\"Downloads - Gudlenieks\" \/>\n<meta property=\"og:url\" content=\"https:\/\/gudlenieks.lv\/lejupielade\/\" \/>\n<meta property=\"og:site_name\" content=\"Gudlenieks\" \/>\n<meta property=\"article:modified_time\" content=\"2025-01-05T15:25:24+00:00\" \/>\n<meta name=\"twitter:card\" content=\"summary_large_image\" \/>\n<script type=\"application\/ld+json\" class=\"yoast-schema-graph\">{\"@context\":\"https:\/\/schema.org\",\"@graph\":[{\"@type\":\"WebPage\",\"@id\":\"https:\/\/gudlenieks.lv\/lejupielade\/\",\"url\":\"https:\/\/gudlenieks.lv\/lejupielade\/\",\"name\":\"Downloads - Gudlenieks\",\"isPartOf\":{\"@id\":\"https:\/\/gudlenieks.lv\/#website\"},\"datePublished\":\"2021-07-01T10:37:35+00:00\",\"dateModified\":\"2025-01-05T15:25:24+00:00\",\"breadcrumb\":{\"@id\":\"https:\/\/gudlenieks.lv\/lejupielade\/#breadcrumb\"},\"inLanguage\":\"en-US\",\"potentialAction\":[{\"@type\":\"ReadAction\",\"target\":[\"https:\/\/gudlenieks.lv\/lejupielade\/\"]}]},{\"@type\":\"BreadcrumbList\",\"@id\":\"https:\/\/gudlenieks.lv\/lejupielade\/#breadcrumb\",\"itemListElement\":[{\"@type\":\"ListItem\",\"position\":1,\"name\":\"Home\",\"item\":\"https:\/\/gudlenieks.lv\/en\/\"},{\"@type\":\"ListItem\",\"position\":2,\"name\":\"Downloads\"}]},{\"@type\":\"WebSite\",\"@id\":\"https:\/\/gudlenieks.lv\/#website\",\"url\":\"https:\/\/gudlenieks.lv\/\",\"name\":\"Gudlenieks\",\"description\":\"Educational games, worksheets and tasks for kids.\",\"publisher\":{\"@id\":\"https:\/\/gudlenieks.lv\/#organization\"},\"potentialAction\":[{\"@type\":\"SearchAction\",\"target\":{\"@type\":\"EntryPoint\",\"urlTemplate\":\"https:\/\/gudlenieks.lv\/?s={search_term_string}\"},\"query-input\":{\"@type\":\"PropertyValueSpecification\",\"valueRequired\":true,\"valueName\":\"search_term_string\"}}],\"inLanguage\":\"en-US\"},{\"@type\":\"Organization\",\"@id\":\"https:\/\/gudlenieks.lv\/#organization\",\"name\":\"Gudlenieks\",\"url\":\"https:\/\/gudlenieks.lv\/\",\"logo\":{\"@type\":\"ImageObject\",\"inLanguage\":\"en-US\",\"@id\":\"https:\/\/gudlenieks.lv\/#\/schema\/logo\/image\/\",\"url\":\"https:\/\/gudlenieks.lv\/wp-content\/uploads\/2022\/01\/gudlenieks5.png\",\"contentUrl\":\"https:\/\/gudlenieks.lv\/wp-content\/uploads\/2022\/01\/gudlenieks5.png\",\"width\":630,\"height\":630,\"caption\":\"Gudlenieks\"},\"image\":{\"@id\":\"https:\/\/gudlenieks.lv\/#\/schema\/logo\/image\/\"}}]}<\/script>\n<!-- \/ Yoast SEO plugin. -->","yoast_head_json":{"title":"Downloads - Gudlenieks","robots":{"index":"noindex","follow":"follow"},"og_locale":"en_US","og_type":"article","og_title":"Downloads - Gudlenieks","og_url":"https:\/\/gudlenieks.lv\/lejupielade\/","og_site_name":"Gudlenieks","article_modified_time":"2025-01-05T15:25:24+00:00","twitter_card":"summary_large_image","schema":{"@context":"https:\/\/schema.org","@graph":[{"@type":"WebPage","@id":"https:\/\/gudlenieks.lv\/lejupielade\/","url":"https:\/\/gudlenieks.lv\/lejupielade\/","name":"Downloads - Gudlenieks","isPartOf":{"@id":"https:\/\/gudlenieks.lv\/#website"},"datePublished":"2021-07-01T10:37:35+00:00","dateModified":"2025-01-05T15:25:24+00:00","breadcrumb":{"@id":"https:\/\/gudlenieks.lv\/lejupielade\/#breadcrumb"},"inLanguage":"en-US","potentialAction":[{"@type":"ReadAction","target":["https:\/\/gudlenieks.lv\/lejupielade\/"]}]},{"@type":"BreadcrumbList","@id":"https:\/\/gudlenieks.lv\/lejupielade\/#breadcrumb","itemListElement":[{"@type":"ListItem","position":1,"name":"Home","item":"https:\/\/gudlenieks.lv\/en\/"},{"@type":"ListItem","position":2,"name":"Downloads"}]},{"@type":"WebSite","@id":"https:\/\/gudlenieks.lv\/#website","url":"https:\/\/gudlenieks.lv\/","name":"Gudlenieks","description":"Educational games, worksheets and tasks for kids.","publisher":{"@id":"https:\/\/gudlenieks.lv\/#organization"},"potentialAction":[{"@type":"SearchAction","target":{"@type":"EntryPoint","urlTemplate":"https:\/\/gudlenieks.lv\/?s={search_term_string}"},"query-input":{"@type":"PropertyValueSpecification","valueRequired":true,"valueName":"search_term_string"}}],"inLanguage":"en-US"},{"@type":"Organization","@id":"https:\/\/gudlenieks.lv\/#organization","name":"Gudlenieks","url":"https:\/\/gudlenieks.lv\/","logo":{"@type":"ImageObject","inLanguage":"en-US","@id":"https:\/\/gudlenieks.lv\/#\/schema\/logo\/image\/","url":"https:\/\/gudlenieks.lv\/wp-content\/uploads\/2022\/01\/gudlenieks5.png","contentUrl":"https:\/\/gudlenieks.lv\/wp-content\/uploads\/2022\/01\/gudlenieks5.png","width":630,"height":630,"caption":"Gudlenieks"},"image":{"@id":"https:\/\/gudlenieks.lv\/#\/schema\/logo\/image\/"}}]}},"_links":{"self":[{"href":"https:\/\/gudlenieks.lv\/en\/wp-json\/wp\/v2\/pages\/302","targetHints":{"allow":["GET"]}}],"collection":[{"href":"https:\/\/gudlenieks.lv\/en\/wp-json\/wp\/v2\/pages"}],"about":[{"href":"https:\/\/gudlenieks.lv\/en\/wp-json\/wp\/v2\/types\/page"}],"author":[{"embeddable":true,"href":"https:\/\/gudlenieks.lv\/en\/wp-json\/wp\/v2\/users\/1"}],"replies":[{"embeddable":true,"href":"https:\/\/gudlenieks.lv\/en\/wp-json\/wp\/v2\/comments?post=302"}],"version-history":[{"count":19,"href":"https:\/\/gudlenieks.lv\/en\/wp-json\/wp\/v2\/pages\/302\/revisions"}],"predecessor-version":[{"id":4690,"href":"https:\/\/gudlenieks.lv\/en\/wp-json\/wp\/v2\/pages\/302\/revisions\/4690"}],"wp:attachment":[{"href":"https:\/\/gudlenieks.lv\/en\/wp-json\/wp\/v2\/media?parent=302"}],"curies":[{"name":"wp","href":"https:\/\/api.w.org\/{rel}","templated":true}]}}